{"id":102,"date":"2014-04-28T15:02:18","date_gmt":"2014-04-28T15:02:18","guid":{"rendered":"http:\/\/amanita.fi\/amanita\/?page_id=102"},"modified":"2022-04-06T10:08:23","modified_gmt":"2022-04-06T10:08:23","slug":"sari-savikko","status":"publish","type":"page","link":"http:\/\/amanita.fi\/amanita\/sari-savikko\/","title":{"rendered":"Sari Savikko"},"content":{"rendered":"<p style=\"color: #666666;\" align=\"left\"><strong>s. 1976<\/strong><\/p>\n<p style=\"color: #555555;\" align=\"left\"><strong>KM, tietokirjailija<\/strong>,\u00a0<strong>kustannustoimittaja<\/strong><\/p>\n<p style=\"color: #555555;\" align=\"left\"><strong>Teokset<\/strong><\/p>\n<p align=\"left\"><em>Suomen naisten sota<\/em>, yhdess\u00e4 Kaari Utrion ja Hanna Pukkila-Toivosen kanssa (Amanita 2021)<\/p>\n<p align=\"left\"><em>Suomenhevonen is\u00e4nmaata rakentamassa ja puolustamassa <\/em>(Amanita 2018)<\/p>\n<p align=\"left\"><em>Hyv\u00e4 paimen \u2013 Uskonnolliset opetustaulut<\/em>, yhdess\u00e4 Jussi H\u00e4rmeen kanssa (Amanita 2018)<em><br \/>\n<\/em><\/p>\n<p style=\"color: #555555;\" align=\"left\"><em>Suomenhevonen \u2013 Arjen sankari<\/em>, kirjoittaja ja p\u00e4\u00e4toimittaja (Amanita 2014)<\/p>\n<p style=\"color: #555555;\" align=\"left\"><em>Kasvien taide<\/em> (Amanita 2012)<\/p>\n<p align=\"left\"><em>Lapin valot<\/em>, yhdess\u00e4 Kai Linnil\u00e4n kanssa, kuvat Pertti Turunen (Amanita 2011)<\/p>\n<p style=\"color: #555555;\" align=\"left\"><a style=\"color: #ff6600;\" href=\"http:\/\/amanita.fi\/joulukirja\/index.htm\">Joulukirja<\/a>\u00a0(Amanita 2010)<br \/>\nJoulukirjan ihanat kuvat, tarinat, runot ja laulut luovat juhlatunnelman. Muhkeassa 240-sivuisessa kirjassa on runsaasti tietoa joulun perinteist\u00e4 sek\u00e4 mielenkiintoista joulutriviaa.<\/p>\n<p style=\"color: #555555;\" align=\"left\"><a style=\"color: #ff6600;\" href=\"http:\/\/amanita.fi\/vesi.html\">Tuhanten rantain Suomi<\/a>, p\u00e4\u00e4toimittaja (Amanita 2010)<\/p>\n<p style=\"color: #555555;\" align=\"left\"><em>Pienten pukimet<\/em>\u00a0(Tammi 2009)<br \/>\n<span class=\"arrow_list\">Nostalgisia ohjeita vauvojen ja taaperoiden neuleisiin sek\u00e4 tietoa entisajan neulontaharrastuksesta ja lasten neulemuodista. Aidot 1930-50-lukujen ohjeet on muokattu nykymitoituksen<\/span>\u00a0mukaisiksi ja t\u00e4m\u00e4n p\u00e4iv\u00e4n langoilla neulottaviksi.<\/p>\n<p style=\"color: #555555;\" align=\"left\"><em>Laps&#8217; Suomen<\/em>, p\u00e4\u00e4toimittaja ja kirjoittaja (Tammi 2009)<br \/>\n<span class=\"arrow_list\">Suomalaisen lapsen historia. Teos kertoo menneisyyden lasten kohtaloista ja esittelee lapsuuteen liittyvi\u00e4 teemoja kiehtovien ja kauniiden taideteosten johdatuksella.<\/span><br \/>\nKoruteos, numeroitu painos 1650 kappaletta<\/p>\n<p style=\"color: #555555;\" align=\"left\"><em><a style=\"color: #ff6600;\" href=\"http:\/\/amanita.fi\/sari\/koulutaulut.htm\" target=\"_blank\" rel=\"noopener\">Muistojen koulutaulut<\/a>\u00a0<\/em>(Tammi 2008)<br \/>\n<span class=\"arrow_list\">Muistojen koulutaulut kertoo koulutaulujen historiasta, valmistuksesta ja taiteilijoista, suosituimmista sarjoista ja taulujen k\u00e4ytt\u00f6tavoista sek\u00e4 arvostuksesta Suomessa. Kirjassa on l\u00e4hes 170 upeaa kuvataulua, joita selostavat ja v\u00e4ritt\u00e4v\u00e4t aikalaistekstit. Joukossa on sek\u00e4 koti- ett\u00e4 ulkomaisia tauluja 1890-luvulta 1930-luvulle.<\/span><\/p>\n<p style=\"color: #555555;\" align=\"left\"><em>Koulujen taide<\/em>, p\u00e4\u00e4toimittaja ja kirjoittaja (Tammi 2007)<br \/>\n<span class=\"arrow_list\">Opetustaulujen ja Taidetta kouluihin -yhdistyksen historia ja taulujen kotimaisten tekij\u00f6iden esittelyj\u00e4. Koruteos, numeroitu painos 1500 kappaletta<\/span><\/p>\n<p style=\"color: #555555;\" align=\"left\"><em>Puutarhurin kirja. Iloa ja oivalluksia<\/em>\u00a0(Kolibri 2007)<br \/>\n<span class=\"arrow_list\">Lahjakirja kasvien yst\u00e4v\u00e4lle ja harrastajapuutarhurille. Vinkkej\u00e4, ajatuksia ja valokuvia kev\u00e4\u00e4st\u00e4 talveen.<\/span><\/p>\n<p style=\"color: #555555;\" align=\"left\"><em><a style=\"color: #ff6600;\" href=\"http:\/\/amanita.fi\/puutarha.htm\" target=\"_blank\" rel=\"noopener\">Iso\u00e4idin puutarhavuosi. Neuvoja joka kuukaudelle<\/a><\/em>\u00a0(Helmi 2006)<br \/>\n<span class=\"arrow_list\">Opastaa puutarhan vuotuisissa t\u00f6iss\u00e4. Ohjeet ja vinkit pohjautuvat kotimaiseen 1900-luvun alun puutarhakirjallisuuteen ja artikkeleihin. Tiedot on valikoitu ja tarkistettu niin, ett\u00e4 ne ovat p\u00e4tevi\u00e4 my\u00f6s nykytiedon valossa. Nostalginen, kaunis valokuva- ja piirroskuvitus.<\/span><\/p>\n<p style=\"color: #555555;\" align=\"left\"><em><a style=\"color: #ff6600;\" href=\"http:\/\/amanita.fi\/kauneus.htm\" target=\"_blank\" rel=\"noopener\">Kohtalona kauneus. Kaunotarten tarinoita<\/a><\/em>\u00a0(Helmi 2005)<br \/>\n<span class=\"arrow_list\">Kaunotarten pienoisel\u00e4m\u00e4kertoja ja pohdintaa kauneuden merkityksest\u00e4 erityisesti 1900-2000-luvun naiselle.<\/span><\/p>\n<p style=\"color: #555555;\" align=\"left\"><em><a style=\"color: #ff6600;\" href=\"http:\/\/amanita.fi\/Onkolintu.htm\" target=\"_blank\" rel=\"noopener\">Onko lintu kotona. Sata siivek\u00e4st\u00e4<\/a><\/em>, yhdess\u00e4 Kai Linnil\u00e4n kanssa (Teos 2004)<br \/>\n<span class=\"arrow_list\">Tietokirja pihapiirin linnuston tunnistajalle. Erikoisuutena Jussi Sep\u00e4n laatimat nuotit lintujen lauluille. Klassinen, havainnollinen piirroskuvitus.<\/span><\/p>\n<p style=\"color: #555555;\" align=\"left\"><em>Kes\u00e4p\u00e4iv\u00e4 Kultarannassa<\/em>\u00a0(Helmi 2004), perustuu presidentti Tarja Halosen haastatteluihin<br \/>\n<span class=\"arrow_list\">Matkaopas kurkistaa presidentin kes\u00e4huvilan historiaan ja nykyisyyteen.<\/span><\/p>\n<p style=\"color: #555555;\" align=\"left\"><em>Sata tarinaa Salosta. 100 stories from Salo<\/em>, yhdess\u00e4 Tiina Aallon kanssa (Salon kaupunki 2002)<br \/>\n<span class=\"arrow_list\">Sata tarinaa Salon merkkihenkil\u00f6ist\u00e4 ja kadunmiehist\u00e4, rakennuksista, n\u00e4ht\u00e4vyyksist\u00e4 ja luonnosta, menneisyydest\u00e4 ja tulevaisuudesta. Kaupunkikirja matkailijoille, vieraille sek\u00e4 tulokkaille, mutta my\u00f6s paljasjalkaisille salonseutulaisille.<\/span><\/p>\n<p style=\"color: #555555;\" align=\"left\"><strong>Artikkeleja mm. teoksissa<\/strong><\/p>\n<p align=\"left\">Keijo K. Kulha et al.: <em>Evakkotaival<\/em> (Amanita 2019)<\/p>\n<p align=\"left\">Kai Linnil\u00e4, Lauri Linnil\u00e4 ja Sari Savikko (toim.): <em>Suomen kauneimmat kirkot<\/em> (Amanita 2016)<br \/>\n<em>J\u00e4\u00e4k\u00e4rien perint\u00f6<\/em> (Amanita 2013)<br \/>\nKaari Utrio (p\u00e4\u00e4toimittaja):\u00a0<em><a style=\"color: #ff6600;\" href=\"http:\/\/amanita.fi\/NAISHISTORIA\/index.htm\" target=\"_blank\" rel=\"noopener\">Suomen Naisen Vuosisadat 3. Taiteen toinen puoli<\/a><\/em>\u00a0(Tammi 2005)<br \/>\nKai Linnil\u00e4 (p\u00e4\u00e4toimittaja):\u00a0<em>Iloinen 50-luku. Purkkaa, sotakorvauksia ja unelmia<\/em>\u00a0(Tammi 2003)<br \/>\nKaari Utrio:\u00a0<em>Bella Donna. Kaunis nainen kautta aikojen\u00a0<\/em>(Tammi 2001)<br \/>\n<em>Korven kultainen kuningas<\/em>\u00a0(Tammi 2001)<\/p>\n<p style=\"color: #555555;\" align=\"left\"><strong>Toimittajana mm. teoksissa<\/strong><\/p>\n<p style=\"color: #555555;\" align=\"left\"><em>Suomi 1917 <\/em>(Amanita 2017)<em><br \/>\nLapin taide (<\/em>Amanita 2011)<br \/>\nKaisa H\u00e4kkinen:\u00a0<em><a style=\"color: #ff6600;\" href=\"http:\/\/amanita.fi\/LINTUKESKEN.htm\" target=\"_blank\" rel=\"noopener\">Linnun nimi<\/a><\/em>\u00a0(Amanita ja Teos 2004), yhdess\u00e4 Kai Linnil\u00e4n kanssa<br \/>\n<em>Vellamon v\u00e4ke\u00e4<\/em>\u00a0(Tammi 2003), yhdess\u00e4 Kai Linnil\u00e4n kanssa<br \/>\n<em><a style=\"color: #ff6600;\" href=\"http:\/\/amanita.fi\/Flora%20Fennica\/index.html\" target=\"_blank\" rel=\"noopener\">Elias L\u00f6nnrotin Flora Fennica <\/a><\/em>(Tammi 2002), yhdess\u00e4 Terttu Lempi\u00e4isen ja Kai Linnil\u00e4n kanssa<\/p>\n<p align=\"left\"><strong>Taitto ja ulkoasusuunnittelu mm. teoksiin<\/strong><\/p>\n<p align=\"left\">Leeni Tiirakari &amp; Manu K\u00e4rki: <em>Kyl\u00e4puodista supermarkettiin<\/em> (Amanita 2017)<br \/>\nJussi Jalonen: <em>Vapaaehtoiset<\/em> (Amanita 2015)<br \/>\nLeeni Tiirakari: <em>Design Liisa Vitali<\/em> (Amanita 2012)<\/p>\n<p align=\"left\">Leeni Tiirakari &amp; Manu K\u00e4rki: <em>Someron kartanot<\/em> (Amanita 2011, 2. painos nimell\u00e4 <em>Kartanokierros<\/em> 2013)<br \/>\n<em>Iso\u00e4idin puutarhavuosi<\/em> (Helmi 2006)<\/p>\n<p align=\"left\">\n","protected":false},"excerpt":{"rendered":"<p>s. 1976 KM, tietokirjailija,\u00a0kustannustoimittaja Teokset Suomen naisten sota, yhdess\u00e4 Kaari Utrion ja Hanna Pukkila-Toivosen kanssa (Amanita 2021) Suomenhevonen is\u00e4nmaata rakentamassa ja puolustamassa (Amanita 2018) Hyv\u00e4 paimen \u2013 Uskonnolliset opetustaulut, yhdess\u00e4 Jussi H\u00e4rmeen kanssa (Amanita 2018) Suomenhevonen \u2013 Arjen sankari, kirjoittaja ja p\u00e4\u00e4toimittaja (Amanita 2014) Kasvien taide (Amanita 2012) Lapin valot, yhdess\u00e4 Kai Linnil\u00e4n kanssa, kuvat [&hellip;]<\/p>\n","protected":false},"author":1,"featured_media":0,"parent":0,"menu_order":0,"comment_status":"closed","ping_status":"closed","template":"","meta":{"footnotes":""},"class_list":["post-102","page","type-page","status-publish","hentry"],"_links":{"self":[{"href":"http:\/\/amanita.fi\/amanita\/wp-json\/wp\/v2\/pages\/102","targetHints":{"allow":["GET"]}}],"collection":[{"href":"http:\/\/amanita.fi\/amanita\/wp-json\/wp\/v2\/pages"}],"about":[{"href":"http:\/\/amanita.fi\/amanita\/wp-json\/wp\/v2\/types\/page"}],"author":[{"embeddable":true,"href":"http:\/\/amanita.fi\/amanita\/wp-json\/wp\/v2\/users\/1"}],"replies":[{"embeddable":true,"href":"http:\/\/amanita.fi\/amanita\/wp-json\/wp\/v2\/comments?post=102"}],"version-history":[{"count":10,"href":"http:\/\/amanita.fi\/amanita\/wp-json\/wp\/v2\/pages\/102\/revisions"}],"predecessor-version":[{"id":1124,"href":"http:\/\/amanita.fi\/amanita\/wp-json\/wp\/v2\/pages\/102\/revisions\/1124"}],"wp:attachment":[{"href":"http:\/\/amanita.fi\/amanita\/wp-json\/wp\/v2\/media?parent=102"}],"curies":[{"name":"wp","href":"https:\/\/api.w.org\/{rel}","templated":true}]}}