{"id":1165,"date":"2023-01-02T13:09:46","date_gmt":"2023-01-02T13:09:46","guid":{"rendered":"https:\/\/amanita.fi\/amanita\/?page_id=1165"},"modified":"2024-01-30T08:48:38","modified_gmt":"2024-01-30T08:48:38","slug":"ehdot","status":"publish","type":"page","link":"http:\/\/amanita.fi\/amanita\/ehdot\/","title":{"rendered":"Ehdot"},"content":{"rendered":"\n<p>Tuotteen maksuehdot on sovittu edustajan kanssa, jos niihin halutaan muutosta, ole yhteydess\u00e4 asiakaspalveluun info@amanita.fi tai 02 7489500<\/p>\n\n\n\n<p>Suurteos on esitelty kaupanteon yhteydess\u00e4, kirjaesitteess\u00e4 tai tuotekirjeess\u00e4.<\/p>\n\n\n\n<p>Toimitusehdot:<\/p>\n\n\n\n<p>Tilattu suurteos toimitetaan ensisijaisesti Postin Postipakettina. Normaali toimitusaika on noin 2 viikkoa. L\u00e4hetyskulut sis\u00e4ltyv\u00e4t kirjan hintaan.<\/p>\n\n\n\n<p>Peruuttaminen:<\/p>\n\n\n\n<p>Ostajalla on kuluttajansuojalain (KSL) 6 luvun 15 pyk\u00e4l\u00e4n mukaan <strong>oikeus<\/strong> <strong>peruuttaa sopimus ilmoittamalla siit\u00e4 Amanita Oy:lle 14 p\u00e4iv\u00e4n kuluessa suurteoksen vastaanottamisesta<\/strong>. Peruuttamisilmoitukseksi katsotaan my\u00f6s tavaran palauttaminen.<\/p>\n\n\n\n<p>Peruuttamiselle ei tarvita mit\u00e4\u00e4n perusteluja tai syit\u00e4, ja peruuttamisen voi tehd\u00e4 kirjallisesti tai suullisesti. 14 p\u00e4iv\u00e4n m\u00e4\u00e4r\u00e4aikaa laskettaessa ei oteta lukuun sit\u00e4 p\u00e4iv\u00e4\u00e4, jona tavara on otettu vastaan.<\/p>\n\n\n\n<p>Jos peruuttamisajan viimeinen p\u00e4iv\u00e4 on pyh\u00e4p\u00e4iv\u00e4, itsen\u00e4isyysp\u00e4iv\u00e4, vapunp\u00e4iv\u00e4, joulu- tai juhannusaatto tai arkilauantai, tilauksen saa peruuttaa viel\u00e4 ensimm\u00e4isen\u00e4 arkip\u00e4iv\u00e4n\u00e4 sen j\u00e4lkeen.<\/p>\n\n\n\n<p>S\u00e4ilytt\u00e4\u00e4kseen peruutusoikeutensa tilaajan on pidett\u00e4v\u00e4 tavara olennaisesti muuttumattomana tai v\u00e4hentym\u00e4tt\u00f6m\u00e4n\u00e4 (KSL 6 luku 23 \u00a7).<\/p>\n\n\n\n<p>Palauttaminen:<\/p>\n\n\n\n<p><strong>Jos tilaaja peruuttaa kaupan, h\u00e4nen on palautettava suurteos ja tilaajalahja viivytyksett\u00e4, viimeist\u00e4\u00e4n 28 p\u00e4iv\u00e4n kuluessa<\/strong> Amanita Oy:lle. Kirjat on palautettava huolellisesti pakattuna, mielell\u00e4\u00e4n alkuper\u00e4isess\u00e4 l\u00e4hetyslaatikossa. Amanitan on viimeist\u00e4\u00e4n 14 p\u00e4iv\u00e4n kuluttua tavaran tai suorituksen saatuaan palautettava, mit\u00e4 hinnasta on maksettu.<\/p>\n\n\n\n<p>Amanita Oy maksaa palautuksen, kun palautus on tehty ohjeiden mukaisesti. Tuotteet palautetaan postitse k\u00e4ytt\u00e4en alla olevaa sopimustunnusta ja osoitetta.<\/p>\n\n\n\n<p><strong>Postin sopimustunnus ja asiakaspalautuksen osoite:<\/strong><\/p>\n\n\n\n<p><strong>630656<\/strong><\/p>\n\n\n\n<p><strong>Amanita Oy<\/strong><\/p>\n\n\n\n<p><strong>Salkolantie 25<\/strong><\/p>\n\n\n\n<p><strong>31470 Somerniemi<\/strong><\/p>\n\n\n\n<h3 class=\"wp-block-heading\">Henkil\u00f6tietojen k\u00e4sittely<\/h3>\n\n\n\n<p><strong>Rekisterin tietosis\u00e4lt\u00f6&nbsp;<\/strong><br>Rekisterin p\u00e4\u00e4asiallinen k\u00e4ytt\u00f6tarkoitus laskutus- ja l\u00e4hetystietojen yll\u00e4pito. Rekisteriin tallennetaan seuraavia perustietoja:<br>&#8211; Nimitiedot<br>&#8211; Osoitetiedot<br>&#8211; Puhelinnumero<br>&#8211; Poikkeustapauksissa s\u00e4hk\u00f6postiosoite<br>&#8211; Laskutushistoria<\/p>\n\n\n\n<p><strong>S\u00e4\u00e4nn\u00f6nmukaiset tietol\u00e4hteet&nbsp;<\/strong><br>Rekisterinpit\u00e4j\u00e4 rekister\u00f6i suurteoksen tilaajasta ne tiedot, jotka myyntiedustaja tai k\u00e4ytt\u00e4j\u00e4 itse ilmoittaa tilauksen yhteydess\u00e4. Amanita Oy poistaa automaattisesti asiakassuhteen kannalta tarpeettomia tietoja, kuten sukupuolen tai henkil\u00f6tunnuksen jos asiakas sellaisen ereyksess\u00e4 tilauksen yhteydess\u00e4 antaa.<\/p>\n\n\n\n<p><strong>Rekisterin suojauksen periaatteet&nbsp;<\/strong><br>K\u00e4ytt\u00e4j\u00e4rekisterin tiedot on tallennettu rekisterinpit\u00e4j\u00e4n sis\u00e4iselle palvelimelle sek\u00e4 kirjanpito-ohjelmistoon.  Rekisterin k\u00e4ytt\u00f6 on suojattu kahdenkertaisella todentamisella k\u00e4ytt\u00e4j\u00e4tunnuksilla ja salasanoilla. J\u00e4rjestelm\u00e4 on my\u00f6s suojattu palomuurein ja muiden teknisten keinojen avulla.&nbsp;<strong>J\u00e4rjestelm\u00e4\u00e4n tallennettuihin rekisterin sis\u00e4lt\u00e4miin tietoihin p\u00e4\u00e4sev\u00e4t, ja niit\u00e4 ovat oikeutettuja k\u00e4ytt\u00e4m\u00e4\u00e4n, vain tietyt yrityksen henkil\u00f6kuntaan kuuluvat ty\u00f6ntekij\u00e4t.<\/strong><\/p>\n\n\n\n<p><strong>Rekister\u00f6idyn kielto-oikeus&nbsp;<\/strong><br>Rekister\u00f6idyll\u00e4 on oikeus kielt\u00e4\u00e4 rekisterinpit\u00e4j\u00e4\u00e4 k\u00e4sittelem\u00e4st\u00e4 h\u00e4nt\u00e4 itse\u00e4\u00e4n koskevia tietoja.&nbsp;<strong>Kielto tulee ilmoittaa Amanita Oy:n s\u00e4hk\u00f6postiin tai puhelimitse<\/strong>.<\/p>\n\n\n\n<p><strong>Rekister\u00f6idyn tarkastus-oikeus&nbsp;<\/strong><br>Rekister\u00f6idyll\u00e4 on oikeus tarkastaa rekisteriin tallennetut itse\u00e4\u00e4n koskevat tiedot ja saada niist\u00e4 kopiot.&nbsp;<strong>Rekister\u00f6ityneen henkil\u00f6tiedot h\u00e4vitet\u00e4\u00e4n k\u00e4ytt\u00e4j\u00e4n pyynn\u00f6st\u00e4.<\/strong><\/p>\n\n\n\n<p><strong>Tiedon korjaaminen&nbsp;<\/strong><br>Rekisterinpit\u00e4j\u00e4 oikaisee, poistaa tai t\u00e4ydent\u00e4\u00e4 rekisteriss\u00e4 olevan, k\u00e4sittelyn tarkoituksen kannalta virheellisen, tarpeettoman, puutteellisen tai vanhentuneen henkil\u00f6tiedon oma-aloitteisesti tai rekister\u00f6idyn vaatimuksesta.&nbsp;<strong>Rekister\u00f6idyn tulee ottaa yhteytt\u00e4 Amanita Oy:n asiakaspalveluun tai yhteyshenkil\u00f6\u00f6n tiedon korjaamiseksi.&nbsp;<\/strong><\/p>\n\n\n\n<p><strong>Anonyymi verkkoanalytiikka&nbsp;<\/strong><br>Anonyymin, verkkovierailua koskevan tiedon ker\u00e4\u00e4miseen voimme k\u00e4ytt\u00e4\u00e4 seuraavia ty\u00f6kaluja ja palveluita:<br>Google Analytics: https:\/\/analytics.google.com\/analytics\/web\/<br>Google Remarketing:\u202fhttps:\/\/support.google.com\/adwords\/answer\/2453998?hl=en<br>Facebook Pixel:\u202fhttps:\/\/www.facebook.com\/business\/a\/facebook-pixel<br>Microsoft Bing Adds: https:\/\/advertise.bingads.microsoft.com\/en-us\/resources\/policies<\/p>\n\n\n\n<p><strong>Ev\u00e4steet<\/strong><br>Sivustollamme k\u00e4ytet\u00e4\u00e4n ev\u00e4steit\u00e4 (eng. Cookies), joiden avulla voimme kehitt\u00e4\u00e4 sivustoamme sinua varten. Ev\u00e4steiden teht\u00e4v\u00e4 on parantaa ja nopeuttaa asiointikokemusta. Ev\u00e4steit\u00e4 voidaan k\u00e4ytt\u00e4\u00e4 my\u00f6s parempien tarjousten ja henkil\u00f6kohtaisempien tuotesuositusten tarjoamiseksi asiakkaalle. Ev\u00e4ste on pieni tekstitiedosto, jonka verkkopalvelin tallentaa k\u00e4ytt\u00e4j\u00e4n kiintolevylle. Osa sivuston sis\u00e4ll\u00f6st\u00e4 saattaa edellytt\u00e4\u00e4 ev\u00e4steiden hyv\u00e4ksymist\u00e4 toimiakseen. K\u00e4ytt\u00e4j\u00e4n verkkoselain todenn\u00e4k\u00f6isesti hyv\u00e4ksyy ev\u00e4steet valmiilla oletusasetuksilla, mutta k\u00e4ytt\u00e4j\u00e4 voi my\u00f6s est\u00e4\u00e4 ev\u00e4steiden k\u00e4yt\u00f6n selaimen asetuksista tai poistamalla ev\u00e4steet selaimesta palvelun k\u00e4yt\u00f6n p\u00e4\u00e4tytty\u00e4. Lis\u00e4tietoja selainkohtaisista k\u00e4ytt\u00f6ohjeista l\u00f6ytyy selaimen valmistajan ohjeista.<\/p>\n\n\n\n<p><\/p>\n","protected":false},"excerpt":{"rendered":"<p>Tuotteen maksuehdot on sovittu edustajan kanssa, jos niihin halutaan muutosta, ole yhteydess\u00e4 asiakaspalveluun info@amanita.fi tai 02 7489500 Suurteos on esitelty kaupanteon yhteydess\u00e4, kirjaesitteess\u00e4 tai tuotekirjeess\u00e4. Toimitusehdot: Tilattu suurteos toimitetaan ensisijaisesti Postin Postipakettina. Normaali toimitusaika on noin 2 viikkoa. L\u00e4hetyskulut sis\u00e4ltyv\u00e4t kirjan hintaan. Peruuttaminen: Ostajalla on kuluttajansuojalain (KSL) 6 luvun 15 pyk\u00e4l\u00e4n mukaan oikeus peruuttaa sopimus [&hellip;]<\/p>\n","protected":false},"author":1,"featured_media":0,"parent":0,"menu_order":0,"comment_status":"closed","ping_status":"closed","template":"","meta":{"footnotes":""},"class_list":["post-1165","page","type-page","status-publish","hentry"],"_links":{"self":[{"href":"http:\/\/amanita.fi\/amanita\/wp-json\/wp\/v2\/pages\/1165","targetHints":{"allow":["GET"]}}],"collection":[{"href":"http:\/\/amanita.fi\/amanita\/wp-json\/wp\/v2\/pages"}],"about":[{"href":"http:\/\/amanita.fi\/amanita\/wp-json\/wp\/v2\/types\/page"}],"author":[{"embeddable":true,"href":"http:\/\/amanita.fi\/amanita\/wp-json\/wp\/v2\/users\/1"}],"replies":[{"embeddable":true,"href":"http:\/\/amanita.fi\/amanita\/wp-json\/wp\/v2\/comments?post=1165"}],"version-history":[{"count":6,"href":"http:\/\/amanita.fi\/amanita\/wp-json\/wp\/v2\/pages\/1165\/revisions"}],"predecessor-version":[{"id":1295,"href":"http:\/\/amanita.fi\/amanita\/wp-json\/wp\/v2\/pages\/1165\/revisions\/1295"}],"wp:attachment":[{"href":"http:\/\/amanita.fi\/amanita\/wp-json\/wp\/v2\/media?parent=1165"}],"curies":[{"name":"wp","href":"https:\/\/api.w.org\/{rel}","templated":true}]}}