{"id":1226,"date":"2023-10-25T08:45:54","date_gmt":"2023-10-25T08:45:54","guid":{"rendered":"https:\/\/amanita.fi\/amanita\/?post_type=product&#038;p=1226"},"modified":"2023-11-22T12:57:02","modified_gmt":"2023-11-22T12:57:02","slug":"suomen-naisten-sota","status":"publish","type":"product","link":"http:\/\/amanita.fi\/amanita\/tuote\/suomen-naisten-sota\/","title":{"rendered":"Suomen naisten sota"},"content":{"rendered":"<h4 class=\"wp-block-heading\">600-sivuisessa teoksessa on kolme artikkelikokonaisuutta:<\/h4>\n<p><strong>Kaari Utrio<\/strong>\u00a0taustoittaa artikkelissaan \u2019Uhrit ja toimijat\u2019 naisten osaa Euroopan sodissa keskiajalta 2000-luvulle.<\/p>\n<p><strong>Sari Savikon<\/strong>\u00a0artikkeli \u2019Kahdella rintamalla\u2019 kertoo naisten ponnisteluista sota- sek\u00e4 kotirintamalla teht\u00e4v\u00e4l\u00e4ht\u00f6isesti. Kuinka naiset kannattelivat puolustusvoimia ja yhteiskuntaa kasvattajina, hoivaajina, muonittajina, varustajina ja joka paikan puurtajina? Mink\u00e4laista henkist\u00e4 vahvuutta ja tukea heilt\u00e4 odotettiin ja vaadittiin?<\/p>\n<p><strong>Hanna Pukkila-Toivonen<\/strong>\u00a0esittelee artikkelissaan \u2019J\u00e4rjest\u00f6ty\u00f6ss\u00e4\u2019 keskeisi\u00e4 j\u00e4rjest\u00f6j\u00e4, joiden riveiss\u00e4 naiset tekiv\u00e4t mittaamattoman m\u00e4\u00e4r\u00e4n arvokasta vapaaehtoisty\u00f6t\u00e4 armeijan sek\u00e4 sodasta k\u00e4rsineiden hyv\u00e4ksi.<\/p>\n<p>Naiset tekiv\u00e4t sotavuosina valtavasti is\u00e4nmaan hyv\u00e4ksi, sek\u00e4 palkattuina ett\u00e4 palkatta. Ty\u00f6ik\u00e4isi\u00e4 naisia oli toista miljoonaa, ja valtaosa toimi poikkeusaikana useissa teht\u00e4viss\u00e4. Naiset sek\u00e4 astuivat miesten teht\u00e4viin ett\u00e4 tekiv\u00e4t kahta kovemmin perinteisi\u00e4 t\u00f6it\u00e4\u00e4n mm. navetoissa, leivinuunien \u00e4\u00e4rell\u00e4, elintarvike- ja tekstiilitehtaissa ja ompelimoissa. Monet puursivat kahta ty\u00f6t\u00e4: p\u00e4iv\u00e4t toimivat siviili\u00adammatissa tai kotitilalla, illat tai y\u00f6t ahersivat vapaaehtoisty\u00f6ss\u00e4. Lis\u00e4ksi nainen oli tavallisesti p\u00e4\u00e4vastuussa kodin ja lasten hoidosta.<\/p>\n<p>Eri j\u00e4rjest\u00f6jen naiset tekiv\u00e4t ty\u00f6t\u00e4 rinnakkain ty\u00f6illoissa, talkoissa ja komennuksilla. Puolustusvoimia tukeviin teht\u00e4viin osallistui sotavuosina ainakin 150\u2009000 suomalaisnaista. Rintamajoukoissa ty\u00f6skenteli samanaikaisesti v\u00e4hint\u00e4\u00e4n 20\u2009000 naista koko talvi- ja jatko\u00adsodan ajan. Esimerkiksi jatkosodan alussa puolustusvoimien palveluksessa oli noin 30\u2009000 naista. Rintamalla olleista naisista arviolta 40\u2009% oli lottia. Sotatoimialueella ty\u00f6skenteli my\u00f6s sotilaskotisisaria, sairaanhoitajia, terveyssisaria, k\u00e4til\u00f6it\u00e4, diakonissoja ja SPR:n apusisaria sek\u00e4 ty\u00f6velvollisia ja muuta palkattua ty\u00f6voimaa. Teoksen tekstit sek\u00e4 kuvat nostavat esiin my\u00f6s heid\u00e4t sek\u00e4 kotirintamanaiset.<\/p>\n<blockquote class=\"wp-block-quote\"><p>pientilallinen \u2013 tehdasty\u00f6l\u00e4inen \u2013 lotta \u2013 sotilaskotisisar \u2013 martta \u2013 maatalousnainen \u2013 ty\u00f6tytt\u00f6 \u2013 apusisar\u00a0asevelinainen \u2013 sairaanhoitaja \u2013 l\u00e4\u00e4k\u00e4ri \u2013 hammasl\u00e4\u00e4k\u00e4ri \u2013 opettaja \u2013 kotiapulainen \u2013 myym\u00e4l\u00e4nhoitaja kansanhuoltovirkailija \u2013 karjakko \u2013 raitiovaununkuljettaja \u2013 kokki \u2013 teologi \u2013 satamaty\u00f6l\u00e4inen \u2013 talkoolainen \u2013 ty\u00f6valmiusnainen \u2013 huoltoem\u00e4nt\u00e4 \u2013 sotakummi \u2013 kotitalousneuvoja \u2013 varainker\u00e4\u00e4j\u00e4 \u2013 puhelunv\u00e4litt\u00e4j\u00e4 \u2013 postinkantaja \u2013 konttoristi \u2013 muurari \u2013 pesulaty\u00f6ntekij\u00e4 \u2013 ompelija \u2013 \u00e4iti \u2013 sisar \u2013 puoliso \u2026<\/p>\n<p><cite>Jokainen nainen oli osa puolustusrintamaa. Ilman naisia ei Suomen armeija olisi pysynyt taistelukunnossa eik\u00e4 kansa hengiss\u00e4 kohtalokkaina vuosina 1939\u201340 ja 1941\u201344.\u00a0<\/cite><\/p><\/blockquote>\n<p><strong>SUOMEN NAISTEN SOTA<\/strong><\/p>\n<p>600 sivua, 526 kuvaa<\/p>\n<p>Tekstit Sari Savikko, Hanna Pukkila-Toivonen, Kaari Utrio<\/p>\n<p>Mitat 250 x 300 mm<\/p>\n<p>Nahkaselk\u00e4 pintein, kaksi lukunauhaa, kultafoliointi etu- ja takakannessa sek\u00e4 sel\u00e4ss\u00e4<\/p>\n<p>Painettu Porvoossa suomalaiselle paperille<\/p>\n<p>Rajoitettu, numeroitu painos 2021 kappaletta<\/p>\n<p>Isbn 978-952-7319-04-8<\/p>\n<p><strong>Maksa heti tai k\u00e4tev\u00e4sti osissa alk. 20 \u20ac \/ kk!<\/strong><\/p>\n","protected":false},"excerpt":{"rendered":"<h4 style=\"text-align: left;\">EN\u00c4\u00c4 MUUTAMA KPL J\u00c4LJELL\u00c4!<\/h4>\n<p style=\"text-align: left;\">Ennen n\u00e4kem\u00e4tt\u00f6m\u00e4n laaja kuva- ja tietoteos naisten elint\u00e4rke\u00e4st\u00e4 toiminnasta\u00a0Suomen puolesta talvi- ja jatkosodassa 1939\u201344<\/p>\n<p style=\"text-align: left;\">600 sivua, 526 kuvaa<\/p>\n<p style=\"text-align: left;\">Tekstit Sari Savikko, Hanna Pukkila-Toivonen, Kaari Utrio<\/p>\n<p style=\"text-align: left;\">Mitat 250 x 300 mm<\/p>\n<p style=\"text-align: left;\">Nahkaselk\u00e4 pintein, kaksi lukunauhaa, kultafoliointi etu- ja takakannessa sek\u00e4 sel\u00e4ss\u00e4<\/p>\n<p style=\"text-align: left;\">Painettu Porvoossa suomalaiselle paperille<\/p>\n<p style=\"text-align: left;\">Rajoitettu, numeroitu painos 2021 kappaletta<\/p>\n<p style=\"text-align: left;\">Isbn 978-952-7319-04-8<\/p>\n<p style=\"text-align: left;\"><strong>Maksa heti tai k\u00e4tev\u00e4sti osissa alk. 20 \u20ac \/ kk!<\/strong><\/p>\n","protected":false},"featured_media":1245,"template":"","meta":[],"product_brand":[],"product_cat":[23],"product_tag":[],"class_list":{"0":"post-1226","1":"product","2":"type-product","3":"status-publish","4":"has-post-thumbnail","6":"product_cat-yleinen","8":"first","9":"instock","10":"taxable","11":"shipping-taxable","12":"purchasable","13":"product-type-simple"},"_links":{"self":[{"href":"http:\/\/amanita.fi\/amanita\/wp-json\/wp\/v2\/product\/1226","targetHints":{"allow":["GET"]}}],"collection":[{"href":"http:\/\/amanita.fi\/amanita\/wp-json\/wp\/v2\/product"}],"about":[{"href":"http:\/\/amanita.fi\/amanita\/wp-json\/wp\/v2\/types\/product"}],"wp:featuredmedia":[{"embeddable":true,"href":"http:\/\/amanita.fi\/amanita\/wp-json\/wp\/v2\/media\/1245"}],"wp:attachment":[{"href":"http:\/\/amanita.fi\/amanita\/wp-json\/wp\/v2\/media?parent=1226"}],"wp:term":[{"taxonomy":"product_brand","embeddable":true,"href":"http:\/\/amanita.fi\/amanita\/wp-json\/wp\/v2\/product_brand?post=1226"},{"taxonomy":"product_cat","embeddable":true,"href":"http:\/\/amanita.fi\/amanita\/wp-json\/wp\/v2\/product_cat?post=1226"},{"taxonomy":"product_tag","embeddable":true,"href":"http:\/\/amanita.fi\/amanita\/wp-json\/wp\/v2\/product_tag?post=1226"}],"curies":[{"name":"wp","href":"https:\/\/api.w.org\/{rel}","templated":true}]}}