{"id":1223,"date":"2023-10-25T08:40:48","date_gmt":"2023-10-25T08:40:48","guid":{"rendered":"https:\/\/amanita.fi\/amanita\/?post_type=product&#038;p=1223"},"modified":"2023-12-21T08:10:43","modified_gmt":"2023-12-21T08:10:43","slug":"suomen-koirat","status":"publish","type":"product","link":"https:\/\/amanita.fi\/amanita\/tuote\/suomen-koirat\/","title":{"rendered":"Suomen Koirat"},"content":{"rendered":"<ul>\n<li>Rajattu 1000 numeroidun kappaleen painos<strong> EN\u00c4\u00c4 n.500 kpl j\u00e4ljell\u00e4<\/strong><\/li>\n<li>Yli 1500 ammattivalokuvaaja Aino Pikkusaaren upeaa kuvaa<\/li>\n<li>Yli 310 informatiivista koirarotuesittely\u00e4<\/li>\n<li>500 kest\u00e4v\u00e4lle taidepainopaperille painettua sivua<\/li>\n<li>N\u00e4ytt\u00e4v\u00e4t kultafolioinnit sel\u00e4ss\u00e4 ja kansissa<\/li>\n<li>Selk\u00e4 ja takakansi ylellist\u00e4 Imperial-kangasta<\/li>\n<li>Kaksi kaunista lukunauhaa<\/li>\n<li>Takuulla erottuva kotikirjaston kruunu: koko 30&#215;25 cm ja paino noin 4 kg<\/li>\n<li>Tekstit Sari Savikko ja Hanna Pukkila-Toivonen<\/li>\n<li><strong>Ilmainen toimitus kotiovelle tai suoraan lahjansaajalle<\/strong><\/li>\n<\/ul>\n","protected":false},"excerpt":{"rendered":"<h2>Ainutlaatuinen kuva- ja tietoteos jokaiselle koiranyst\u00e4v\u00e4lle<\/h2>\n<p>Suomen Koirat on uniikki teos, jossa tieto kohtaa taiteen. Koe valokuvataiden\u00e4yttelyn lumo omassa olohuoneessasi ja opi samalla uutta yli 300 koirarodusta \u2013 niin paimenkoirista, laumanvartijoista, mets\u00e4styskoirista, arktisista vetokoirista kuin seurakoirista.<\/p>\n<p>Hemmottele itse\u00e4si tai muista l\u00e4heist\u00e4si ainutlaatuisella ja arvokkaalla lahjalla, joka ilahduttaa vuosikymmeni\u00e4.<\/p>\n<p><strong>Maksa heti tai k\u00e4tev\u00e4sti osissa alk. 20 \u20ac \/ kk! Laita Lis\u00e4tietoja-kohtaan monessa er\u00e4ss\u00e4 haluat laskun, hinta on sama maksutavasta riippumatta.<\/strong><\/p>\n","protected":false},"featured_media":1188,"template":"","meta":[],"product_brand":[],"product_cat":[23],"product_tag":[],"class_list":{"0":"post-1223","1":"product","2":"type-product","3":"status-publish","4":"has-post-thumbnail","6":"product_cat-yleinen","8":"first","9":"instock","10":"taxable","11":"shipping-taxable","12":"purchasable","13":"product-type-simple"},"_links":{"self":[{"href":"https:\/\/amanita.fi\/amanita\/wp-json\/wp\/v2\/product\/1223","targetHints":{"allow":["GET"]}}],"collection":[{"href":"https:\/\/amanita.fi\/amanita\/wp-json\/wp\/v2\/product"}],"about":[{"href":"https:\/\/amanita.fi\/amanita\/wp-json\/wp\/v2\/types\/product"}],"wp:featuredmedia":[{"embeddable":true,"href":"https:\/\/amanita.fi\/amanita\/wp-json\/wp\/v2\/media\/1188"}],"wp:attachment":[{"href":"https:\/\/amanita.fi\/amanita\/wp-json\/wp\/v2\/media?parent=1223"}],"wp:term":[{"taxonomy":"product_brand","embeddable":true,"href":"https:\/\/amanita.fi\/amanita\/wp-json\/wp\/v2\/product_brand?post=1223"},{"taxonomy":"product_cat","embeddable":true,"href":"https:\/\/amanita.fi\/amanita\/wp-json\/wp\/v2\/product_cat?post=1223"},{"taxonomy":"product_tag","embeddable":true,"href":"https:\/\/amanita.fi\/amanita\/wp-json\/wp\/v2\/product_tag?post=1223"}],"curies":[{"name":"wp","href":"https:\/\/api.w.org\/{rel}","templated":true}]}}